{"id":19369,"date":"2020-04-30T10:53:51","date_gmt":"2020-04-30T07:53:51","guid":{"rendered":"https:\/\/www.yavuzgmbh.de\/iletisim\/"},"modified":"2025-08-04T16:46:15","modified_gmt":"2025-08-04T13:46:15","slug":"kontakt","status":"publish","type":"page","link":"https:\/\/www.yavuzgmbh.de\/de\/kontakt\/","title":{"rendered":"Kontakt"},"content":{"rendered":"\t\t<div data-elementor-type=\"wp-page\" data-elementor-id=\"19369\" class=\"elementor elementor-19369 elementor-1449\">\n\t\t\t\t\t\t<section class=\"elementor-section elementor-top-section elementor-element elementor-element-32405e41 scheme_default elementor-section-boxed elementor-section-height-default elementor-section-height-default sc_fly_static\" data-id=\"32405e41\" data-element_type=\"section\" data-settings=\"{&quot;background_background&quot;:&quot;classic&quot;}\">\n\t\t\t\t\t\t<div class=\"elementor-container elementor-column-gap-extended\">\n\t\t\t\t\t<div class=\"elementor-column elementor-col-100 elementor-top-column elementor-element elementor-element-7d623bf sc_inner_width_none sc_content_align_inherit sc_layouts_column_icons_position_left sc_fly_static\" data-id=\"7d623bf\" data-element_type=\"column\">\n\t\t\t<div class=\"elementor-widget-wrap elementor-element-populated\">\n\t\t\t\t\t\t<section class=\"elementor-section elementor-inner-section elementor-element elementor-element-6968d409 elementor-section-boxed elementor-section-height-default elementor-section-height-default sc_fly_static\" data-id=\"6968d409\" data-element_type=\"section\">\n\t\t\t\t\t\t<div class=\"elementor-container elementor-column-gap-no\">\n\t\t\t\t\t<div class=\"elementor-column elementor-col-100 elementor-inner-column elementor-element elementor-element-69089304 sc_inner_width_none sc_content_align_inherit sc_layouts_column_icons_position_left sc_fly_static\" data-id=\"69089304\" data-element_type=\"column\">\n\t\t\t<div class=\"elementor-widget-wrap elementor-element-populated\">\n\t\t\t\t\t\t<div class=\"elementor-element elementor-element-746f2f1a scheme_default sc_fly_static elementor-widget elementor-widget-trx_sc_icons\" data-id=\"746f2f1a\" data-element_type=\"widget\" data-widget_type=\"trx_sc_icons.default\">\n\t\t\t\t<div class=\"elementor-widget-container\">\n\t\t\t\t\t<div \tclass=\"sc_icons scheme_default sc_icons_plain sc_icons_size_small sc_align_center\" ><div class=\"sc_icons_columns_wrap sc_item_columns trx_addons_columns_wrap columns_padding_bottom columns_in_single_row\" ><div class=\"trx_addons_column-1_3\"><div class=\"sc_icons_item\"><div class=\"sc_icons_icon sc_icon_type_ icon-wall-clock\" style=\"color: var(--e-global-color-69bf31ed)\" ><span class=\"sc_icon_type_ icon-wall-clock\" style=\"color: var(--e-global-color-69bf31ed)\"><\/span><\/div><div class=\"sc_icons_item_details\"><h4 class=\"sc_icons_item_title\" style=\"color:#23A455;\"><span>Arbeitszeiten<\/span><\/h4><div class=\"sc_icons_item_description\"><span>7\/24 Erreichbarkeit<\/span><\/div><\/div><\/div><\/div><div class=\"trx_addons_column-1_3\"><div class=\"sc_icons_item\"><div class=\"sc_icons_icon sc_icon_type_ icon-location-1\" style=\"color: var(--e-global-color-69bf31ed)\" ><span class=\"sc_icon_type_ icon-location-1\" style=\"color: var(--e-global-color-69bf31ed)\"><\/span><\/div><div class=\"sc_icons_item_details\"><h4 class=\"sc_icons_item_title\" style=\"color:var(--e-global-color-69bf31ed);\"><span>Adresse<\/span><\/h4><div class=\"sc_icons_item_description\"><span>Steinsche Gasse 34<\/span><span>47051 Duisburg<\/span><\/div><\/div><\/div><\/div><div class=\"trx_addons_column-1_3\"><div class=\"sc_icons_item\"><div class=\"sc_icons_icon sc_icon_type_ icon-group-2438\" style=\"color: var(--e-global-color-69bf31ed)\" ><span class=\"sc_icon_type_ icon-group-2438\" style=\"color: var(--e-global-color-69bf31ed)\"><\/span><\/div><div class=\"sc_icons_item_details\"><h4 class=\"sc_icons_item_title\" style=\"color:var(--e-global-color-69bf31ed);\"><span>Kontakt<\/span><\/h4><div class=\"sc_icons_item_description\"><span>Tel.: <a href=\"tel:+4920361 07 7\">+49 (0) 203 - 61 07 7<\/a><\/span><span>Email: <a href=\"mailto:info@yavuzgmbh.de\">info@yavuzgmbh.de<\/a><\/span><\/div><\/div><\/div><\/div><\/div><\/div><!-- \/.sc_icons -->\t\t\t\t<\/div>\n\t\t\t\t<\/div>\n\t\t\t\t\t<\/div>\n\t\t<\/div>\n\t\t\t\t\t<\/div>\n\t\t<\/section>\n\t\t\t\t\t<\/div>\n\t\t<\/div>\n\t\t\t\t\t<\/div>\n\t\t<\/section>\n\t\t\t\t<section class=\"elementor-section elementor-top-section elementor-element elementor-element-4d3cfe2 elementor-section-full_width alter_bg elementor-section-height-default elementor-section-height-default sc_fly_static\" data-id=\"4d3cfe2\" data-element_type=\"section\">\n\t\t\t\t\t\t<div class=\"elementor-container elementor-column-gap-no\">\n\t\t\t\t\t<div class=\"elementor-column elementor-col-100 elementor-top-column elementor-element elementor-element-67b1878 sc_inner_width_none sc_content_align_inherit sc_layouts_column_icons_position_left sc_fly_static\" data-id=\"67b1878\" data-element_type=\"column\">\n\t\t\t<div class=\"elementor-widget-wrap elementor-element-populated\">\n\t\t\t\t\t\t<div class=\"elementor-element elementor-element-6fae408 sc_fly_static elementor-widget elementor-widget-google_maps\" data-id=\"6fae408\" data-element_type=\"widget\" data-widget_type=\"google_maps.default\">\n\t\t\t\t<div class=\"elementor-widget-container\">\n\t\t\t\t\t\t\t<div class=\"elementor-custom-embed\">\n\t\t\t<iframe loading=\"lazy\"\n\t\t\t\t\tsrc=\"https:\/\/maps.google.com\/maps?q=51.43288718918227%2C%206.760799712048045&#038;t=m&#038;z=16&#038;output=embed&#038;iwloc=near\"\n\t\t\t\t\ttitle=\"51.43288718918227, 6.760799712048045\"\n\t\t\t\t\taria-label=\"51.43288718918227, 6.760799712048045\"\n\t\t\t><\/iframe>\n\t\t<\/div>\n\t\t\t\t\t\t<\/div>\n\t\t\t\t<\/div>\n\t\t\t\t<section class=\"elementor-section elementor-inner-section elementor-element elementor-element-21d5185 form-position-abs elementor-section-boxed elementor-section-height-default elementor-section-height-default sc_fly_static\" data-id=\"21d5185\" data-element_type=\"section\">\n\t\t\t\t\t\t<div class=\"elementor-container elementor-column-gap-no\">\n\t\t\t\t\t<div class=\"elementor-column elementor-col-50 elementor-inner-column elementor-element elementor-element-2754d0d sc_inner_width_none sc_content_align_inherit sc_layouts_column_icons_position_left sc_fly_static\" data-id=\"2754d0d\" data-element_type=\"column\">\n\t\t\t<div class=\"elementor-widget-wrap\">\n\t\t\t\t\t\t\t<\/div>\n\t\t<\/div>\n\t\t\t\t<div class=\"elementor-column elementor-col-50 elementor-inner-column elementor-element elementor-element-c81f979 scheme_default sc_inner_width_none sc_content_align_inherit sc_layouts_column_icons_position_left sc_fly_static\" data-id=\"c81f979\" data-element_type=\"column\" data-settings=\"{&quot;background_background&quot;:&quot;classic&quot;}\">\n\t\t\t<div class=\"elementor-widget-wrap elementor-element-populated\">\n\t\t\t\t\t\t<div class=\"elementor-element elementor-element-d363f49 sc_fly_static elementor-widget elementor-widget-spacer\" data-id=\"d363f49\" data-element_type=\"widget\" data-widget_type=\"spacer.default\">\n\t\t\t\t<div class=\"elementor-widget-container\">\n\t\t\t\t\t\t\t<div class=\"elementor-spacer\">\n\t\t\t<div class=\"elementor-spacer-inner\"><\/div>\n\t\t<\/div>\n\t\t\t\t\t\t<\/div>\n\t\t\t\t<\/div>\n\t\t\t\t<div class=\"elementor-element elementor-element-50ab477 sc_fly_static elementor-widget elementor-widget-trx_sc_title\" data-id=\"50ab477\" data-element_type=\"widget\" data-widget_type=\"trx_sc_title.default\">\n\t\t\t\t<div class=\"elementor-widget-container\">\n\t\t\t\t\t<div\t\tclass=\"sc_title sc_title_default\" ><span class=\"sc_item_subtitle sc_title_subtitle sc_item_subtitle_above sc_item_title_style_default\">F\u00fcr Nachfragen<\/span><h2 class=\"sc_item_title sc_title_title sc_item_title_style_default\"\n\t\t\t><span class=\"sc_item_title_text\">Nehmen Sie Kontakt mit uns auf<\/span><\/h2><\/div>\t\t\t\t<\/div>\n\t\t\t\t<\/div>\n\t\t\t\t<div class=\"elementor-element elementor-element-012b5d0 sc_fly_static elementor-widget elementor-widget-trx_sc_contact_form_7\" data-id=\"012b5d0\" data-element_type=\"widget\" data-widget_type=\"trx_sc_contact_form_7.default\">\n\t\t\t\t<div class=\"elementor-widget-container\">\n\t\t\t\t\t\n<div class=\"wpcf7 no-js\" id=\"wpcf7-f19411-o1\" lang=\"en-US\" dir=\"ltr\" data-wpcf7-id=\"19411\">\n<div class=\"screen-reader-response\"><p role=\"status\" aria-live=\"polite\" aria-atomic=\"true\"><\/p> <ul><\/ul><\/div>\n<form action=\"\/de\/wp-json\/wp\/v2\/pages\/19369#wpcf7-f19411-o1\" method=\"post\" class=\"wpcf7-form init\" aria-label=\"Contact form\" novalidate=\"novalidate\" data-status=\"init\">\n<fieldset class=\"hidden-fields-container\"><input type=\"hidden\" name=\"_wpcf7\" value=\"19411\" \/><input type=\"hidden\" name=\"_wpcf7_version\" value=\"6.1\" \/><input type=\"hidden\" name=\"_wpcf7_locale\" value=\"en_US\" \/><input type=\"hidden\" name=\"_wpcf7_unit_tag\" value=\"wpcf7-f19411-o1\" \/><input type=\"hidden\" name=\"_wpcf7_container_post\" value=\"0\" \/><input type=\"hidden\" name=\"_wpcf7_posted_data_hash\" value=\"\" \/>\n<\/fieldset>\n<div class=\"form-style-6\">\n\t<div class=\"columns_wrap\">\n\t\t<div class=\"column-1_2\">\n\t\t\t<p><span class=\"style-line\"><span class=\"wpcf7-form-control-wrap\" data-name=\"your-name\"><input size=\"40\" maxlength=\"400\" class=\"wpcf7-form-control wpcf7-text wpcf7-validates-as-required\" aria-required=\"true\" aria-invalid=\"false\" placeholder=\"Name\" value=\"\" type=\"text\" name=\"your-name\" \/><\/span><\/span>\n\t\t\t<\/p>\n\t\t<\/div>\n\t\t<div class=\"column-1_2\">\n\t\t\t<p><span class=\"style-line\"><span class=\"wpcf7-form-control-wrap\" data-name=\"your-last-name\"><input size=\"40\" maxlength=\"400\" class=\"wpcf7-form-control wpcf7-text wpcf7-validates-as-required\" aria-required=\"true\" aria-invalid=\"false\" placeholder=\"Vorname\" value=\"\" type=\"text\" name=\"your-last-name\" \/><\/span><\/span>\n\t\t\t<\/p>\n\t\t<\/div>\n\t<\/div>\n\t<div class=\"columns_wrap margin-bottom\">\n\t\t<div class=\"column-1_2\">\n\t\t\t<p><span class=\"style-line\"><span class=\"wpcf7-form-control-wrap\" data-name=\"your-email\"><input size=\"40\" maxlength=\"400\" class=\"wpcf7-form-control wpcf7-email wpcf7-validates-as-required wpcf7-text wpcf7-validates-as-email\" aria-required=\"true\" aria-invalid=\"false\" placeholder=\"Email\" value=\"\" type=\"email\" name=\"your-email\" \/><\/span><\/span>\n\t\t\t<\/p>\n\t\t<\/div>\n\t\t<div class=\"column-1_2\">\n\t\t\t<p><span class=\"style-line\"><span class=\"wpcf7-form-control-wrap\" data-name=\"tel-432\"><input size=\"40\" maxlength=\"400\" class=\"wpcf7-form-control wpcf7-tel wpcf7-text wpcf7-validates-as-tel\" aria-invalid=\"false\" value=\"Tel.\" type=\"tel\" name=\"tel-432\" \/><\/span><\/span>\n\t\t\t<\/p>\n\t\t<\/div>\n\t\t<div class=\"columns_wrap margin-bottom\">\n\t\t\t<div class=\"column-1_1\">\n\t\t\t\t<p><span class=\"style-line\"><span class=\"wpcf7-form-control-wrap\" data-name=\"textarea-695\"><textarea cols=\"40\" rows=\"10\" maxlength=\"2000\" class=\"wpcf7-form-control wpcf7-textarea\" aria-invalid=\"false\" name=\"textarea-695\">Nachricht<\/textarea><\/span><\/span>\n\t\t\t\t<\/p>\n\t\t\t<\/div>\n\t\t\t<p><input class=\"wpcf7-form-control wpcf7-submit has-spinner\" type=\"submit\" value=\"Senden\" \/>\n\t\t\t<\/p>\n\t\t<\/div>\n\t<\/div>\n<\/div><div class=\"wpcf7-response-output\" aria-hidden=\"true\"><\/div>\n<\/form>\n<\/div>\n\t\t\t\t<\/div>\n\t\t\t\t<\/div>\n\t\t\t\t\t<\/div>\n\t\t<\/div>\n\t\t\t\t\t<\/div>\n\t\t<\/section>\n\t\t\t\t\t<\/div>\n\t\t<\/div>\n\t\t\t\t\t<\/div>\n\t\t<\/section>\n\t\t\t\t<\/div>\n\t\t","protected":false},"excerpt":{"rendered":"<p>Arbeitszeiten 7\/24 Erreichbarkeit Adresse Steinsche Gasse 3447051 Duisburg Kontakt Tel.: +49 (0) 203 &#8211; 61 07 7Email: info@yavuzgmbh.de F\u00fcr Nachfragen Nehmen Sie Kontakt mit uns auf Nachricht<\/p>\n","protected":false},"author":1,"featured_media":0,"parent":0,"menu_order":0,"comment_status":"closed","ping_status":"closed","template":"","meta":{"footnotes":""},"class_list":["post-19369","page","type-page","status-publish","hentry"],"yoast_head":"<!-- This site is optimized with the Yoast SEO plugin v25.6 - https:\/\/yoast.com\/wordpress\/plugins\/seo\/ -->\n<title>Kontakt - YAVUZ GMBH - ALMANYA AVRUPA CENAZE \u0130\u015eLEMLER\u0130<\/title>\n<meta name=\"robots\" content=\"index, follow, max-snippet:-1, max-image-preview:large, max-video-preview:-1\" \/>\n<link rel=\"canonical\" href=\"https:\/\/www.yavuzgmbh.de\/de\/kontakt\/\" \/>\n<meta property=\"og:locale\" content=\"de_DE\" \/>\n<meta property=\"og:type\" content=\"article\" \/>\n<meta property=\"og:title\" content=\"Kontakt - YAVUZ GMBH - ALMANYA AVRUPA CENAZE \u0130\u015eLEMLER\u0130\" \/>\n<meta property=\"og:description\" content=\"Arbeitszeiten 7\/24 Erreichbarkeit Adresse Steinsche Gasse 3447051 Duisburg Kontakt Tel.: +49 (0) 203 &#8211; 61 07 7Email: info@yavuzgmbh.de F\u00fcr Nachfragen Nehmen Sie Kontakt mit uns auf Nachricht\" \/>\n<meta property=\"og:url\" content=\"https:\/\/www.yavuzgmbh.de\/de\/kontakt\/\" \/>\n<meta property=\"og:site_name\" content=\"YAVUZ GMBH - ALMANYA AVRUPA CENAZE \u0130\u015eLEMLER\u0130\" \/>\n<meta property=\"article:modified_time\" content=\"2025-08-04T13:46:15+00:00\" \/>\n<meta name=\"twitter:card\" content=\"summary_large_image\" \/>\n<meta name=\"twitter:label1\" content=\"Gesch\u00e4tzte Lesezeit\" \/>\n\t<meta name=\"twitter:data1\" content=\"1\u00a0Minute\" \/>\n<script type=\"application\/ld+json\" class=\"yoast-schema-graph\">{\"@context\":\"https:\/\/schema.org\",\"@graph\":[{\"@type\":\"WebPage\",\"@id\":\"https:\/\/www.yavuzgmbh.de\/de\/kontakt\/\",\"url\":\"https:\/\/www.yavuzgmbh.de\/de\/kontakt\/\",\"name\":\"Kontakt - YAVUZ GMBH - ALMANYA AVRUPA CENAZE \u0130\u015eLEMLER\u0130\",\"isPartOf\":{\"@id\":\"https:\/\/www.yavuzgmbh.de\/de\/#website\"},\"datePublished\":\"2020-04-30T07:53:51+00:00\",\"dateModified\":\"2025-08-04T13:46:15+00:00\",\"breadcrumb\":{\"@id\":\"https:\/\/www.yavuzgmbh.de\/de\/kontakt\/#breadcrumb\"},\"inLanguage\":\"de\",\"potentialAction\":[{\"@type\":\"ReadAction\",\"target\":[\"https:\/\/www.yavuzgmbh.de\/de\/kontakt\/\"]}]},{\"@type\":\"BreadcrumbList\",\"@id\":\"https:\/\/www.yavuzgmbh.de\/de\/kontakt\/#breadcrumb\",\"itemListElement\":[{\"@type\":\"ListItem\",\"position\":1,\"name\":\"Anasayfa\",\"item\":\"https:\/\/www.yavuzgmbh.de\/de\/\"},{\"@type\":\"ListItem\",\"position\":2,\"name\":\"Kontakt\"}]},{\"@type\":\"WebSite\",\"@id\":\"https:\/\/www.yavuzgmbh.de\/de\/#website\",\"url\":\"https:\/\/www.yavuzgmbh.de\/de\/\",\"name\":\"YAVUZ GMBH CENAZE H\u0130ZMETLER\u0130\",\"description\":\"BESTATTUNGSINSTITUT ISLAMISCHEN GLAUBENS\",\"publisher\":{\"@id\":\"https:\/\/www.yavuzgmbh.de\/de\/#organization\"},\"potentialAction\":[{\"@type\":\"SearchAction\",\"target\":{\"@type\":\"EntryPoint\",\"urlTemplate\":\"https:\/\/www.yavuzgmbh.de\/de\/?s={search_term_string}\"},\"query-input\":{\"@type\":\"PropertyValueSpecification\",\"valueRequired\":true,\"valueName\":\"search_term_string\"}}],\"inLanguage\":\"de\"},{\"@type\":\"Organization\",\"@id\":\"https:\/\/www.yavuzgmbh.de\/de\/#organization\",\"name\":\"YAVUZ GMBH\",\"url\":\"https:\/\/www.yavuzgmbh.de\/de\/\",\"logo\":{\"@type\":\"ImageObject\",\"inLanguage\":\"de\",\"@id\":\"https:\/\/www.yavuzgmbh.de\/de\/#\/schema\/logo\/image\/\",\"url\":\"https:\/\/www.yavuzgmbh.de\/wp-content\/uploads\/2021\/09\/logo_w.png\",\"contentUrl\":\"https:\/\/www.yavuzgmbh.de\/wp-content\/uploads\/2021\/09\/logo_w.png\",\"width\":311,\"height\":155,\"caption\":\"YAVUZ GMBH\"},\"image\":{\"@id\":\"https:\/\/www.yavuzgmbh.de\/de\/#\/schema\/logo\/image\/\"},\"sameAs\":[\"https:\/\/www.instagram.com\/yavuzgmbh\/\"]}]}<\/script>\n<!-- \/ Yoast SEO plugin. -->","yoast_head_json":{"title":"Kontakt - YAVUZ GMBH - ALMANYA AVRUPA CENAZE \u0130\u015eLEMLER\u0130","robots":{"index":"index","follow":"follow","max-snippet":"max-snippet:-1","max-image-preview":"max-image-preview:large","max-video-preview":"max-video-preview:-1"},"canonical":"https:\/\/www.yavuzgmbh.de\/de\/kontakt\/","og_locale":"de_DE","og_type":"article","og_title":"Kontakt - YAVUZ GMBH - ALMANYA AVRUPA CENAZE \u0130\u015eLEMLER\u0130","og_description":"Arbeitszeiten 7\/24 Erreichbarkeit Adresse Steinsche Gasse 3447051 Duisburg Kontakt Tel.: +49 (0) 203 &#8211; 61 07 7Email: info@yavuzgmbh.de F\u00fcr Nachfragen Nehmen Sie Kontakt mit uns auf Nachricht","og_url":"https:\/\/www.yavuzgmbh.de\/de\/kontakt\/","og_site_name":"YAVUZ GMBH - ALMANYA AVRUPA CENAZE \u0130\u015eLEMLER\u0130","article_modified_time":"2025-08-04T13:46:15+00:00","twitter_card":"summary_large_image","twitter_misc":{"Gesch\u00e4tzte Lesezeit":"1\u00a0Minute"},"schema":{"@context":"https:\/\/schema.org","@graph":[{"@type":"WebPage","@id":"https:\/\/www.yavuzgmbh.de\/de\/kontakt\/","url":"https:\/\/www.yavuzgmbh.de\/de\/kontakt\/","name":"Kontakt - YAVUZ GMBH - ALMANYA AVRUPA CENAZE \u0130\u015eLEMLER\u0130","isPartOf":{"@id":"https:\/\/www.yavuzgmbh.de\/de\/#website"},"datePublished":"2020-04-30T07:53:51+00:00","dateModified":"2025-08-04T13:46:15+00:00","breadcrumb":{"@id":"https:\/\/www.yavuzgmbh.de\/de\/kontakt\/#breadcrumb"},"inLanguage":"de","potentialAction":[{"@type":"ReadAction","target":["https:\/\/www.yavuzgmbh.de\/de\/kontakt\/"]}]},{"@type":"BreadcrumbList","@id":"https:\/\/www.yavuzgmbh.de\/de\/kontakt\/#breadcrumb","itemListElement":[{"@type":"ListItem","position":1,"name":"Anasayfa","item":"https:\/\/www.yavuzgmbh.de\/de\/"},{"@type":"ListItem","position":2,"name":"Kontakt"}]},{"@type":"WebSite","@id":"https:\/\/www.yavuzgmbh.de\/de\/#website","url":"https:\/\/www.yavuzgmbh.de\/de\/","name":"YAVUZ GMBH CENAZE H\u0130ZMETLER\u0130","description":"BESTATTUNGSINSTITUT ISLAMISCHEN GLAUBENS","publisher":{"@id":"https:\/\/www.yavuzgmbh.de\/de\/#organization"},"potentialAction":[{"@type":"SearchAction","target":{"@type":"EntryPoint","urlTemplate":"https:\/\/www.yavuzgmbh.de\/de\/?s={search_term_string}"},"query-input":{"@type":"PropertyValueSpecification","valueRequired":true,"valueName":"search_term_string"}}],"inLanguage":"de"},{"@type":"Organization","@id":"https:\/\/www.yavuzgmbh.de\/de\/#organization","name":"YAVUZ GMBH","url":"https:\/\/www.yavuzgmbh.de\/de\/","logo":{"@type":"ImageObject","inLanguage":"de","@id":"https:\/\/www.yavuzgmbh.de\/de\/#\/schema\/logo\/image\/","url":"https:\/\/www.yavuzgmbh.de\/wp-content\/uploads\/2021\/09\/logo_w.png","contentUrl":"https:\/\/www.yavuzgmbh.de\/wp-content\/uploads\/2021\/09\/logo_w.png","width":311,"height":155,"caption":"YAVUZ GMBH"},"image":{"@id":"https:\/\/www.yavuzgmbh.de\/de\/#\/schema\/logo\/image\/"},"sameAs":["https:\/\/www.instagram.com\/yavuzgmbh\/"]}]}},"_links":{"self":[{"href":"https:\/\/www.yavuzgmbh.de\/de\/wp-json\/wp\/v2\/pages\/19369","targetHints":{"allow":["GET"]}}],"collection":[{"href":"https:\/\/www.yavuzgmbh.de\/de\/wp-json\/wp\/v2\/pages"}],"about":[{"href":"https:\/\/www.yavuzgmbh.de\/de\/wp-json\/wp\/v2\/types\/page"}],"author":[{"embeddable":true,"href":"https:\/\/www.yavuzgmbh.de\/de\/wp-json\/wp\/v2\/users\/1"}],"replies":[{"embeddable":true,"href":"https:\/\/www.yavuzgmbh.de\/de\/wp-json\/wp\/v2\/comments?post=19369"}],"version-history":[{"count":16,"href":"https:\/\/www.yavuzgmbh.de\/de\/wp-json\/wp\/v2\/pages\/19369\/revisions"}],"predecessor-version":[{"id":19568,"href":"https:\/\/www.yavuzgmbh.de\/de\/wp-json\/wp\/v2\/pages\/19369\/revisions\/19568"}],"wp:attachment":[{"href":"https:\/\/www.yavuzgmbh.de\/de\/wp-json\/wp\/v2\/media?parent=19369"}],"curies":[{"name":"wp","href":"https:\/\/api.w.org\/{rel}","templated":true}]}}