{"id":19374,"date":"2023-07-04T11:25:02","date_gmt":"2023-07-04T08:25:02","guid":{"rendered":"https:\/\/www.yavuzgmbh.de\/kunye\/"},"modified":"2023-12-11T18:56:09","modified_gmt":"2023-12-11T15:56:09","slug":"impressum","status":"publish","type":"page","link":"https:\/\/www.yavuzgmbh.de\/de\/impressum\/","title":{"rendered":"Impressum"},"content":{"rendered":"<section class=\"content-section\">\n<div id=\"post-372\" class=\"post-372 page type-page status-publish hentry\">\n<div class=\"container\">\n<div class=\"row\">\n<div class=\"col-md-12\">\n<section class=\"wpb-content-wrapper\">\n<section class=\"content-section\">\n<div class=\"vc_row wpb_row vc_row-fluid\">\n<div class=\"wpb_column vc_column_container vc_col-sm-12\">\n<div class=\"vc_column-inner\">\n<div class=\"wpb_wrapper\">\n<div class=\"wpb_text_column wpb_content_element \">\n<div class=\"wpb_wrapper\">\n<h1>Impressum<\/h1>\n<h2>Angaben gem\u00e4\u00df \u00a7 5 TMG<\/h2>\n<p><strong>Internationale Bestattungen Yavuz GmbH<\/strong><br \/>\nTonhallenstra\u00dfe 12<br \/>\n47051 Duisburg<\/p>\n<p><strong>Steuer-Nr.:<\/strong> 109\/5887\/3001<br \/>\n<strong>Handelsregister:<\/strong> HRB 10429 Amtsgericht Duisburg<\/p>\n<p><strong>Vertreten durch:<\/strong><br \/>\nAdem Yavuz<\/p>\n<h2>Kontakt<\/h2>\n<p>Telefon: 0203 \u2013 61077<br \/>\nE-Mail: info@yavuzgmbh.de<\/p>\n<h2>Umsatzsteuer-ID<\/h2>\n<p>Umsatzsteuer-Identifikationsnummer gem\u00e4\u00df \u00a7 27 a Umsatzsteuergesetz:<br \/>\nDE 226803681<\/p>\n<h2>EU-Streitschlichtung<\/h2>\n<p>Die Europ\u00e4ische Kommission stellt eine Plattform zur Online-Streitbeilegung (OS) bereit: <a href=\"https:\/\/ec.europa.eu\/consumers\/odr\/\" target=\"_blank\" rel=\"noopener noreferrer\">https:\/\/ec.europa.eu\/consumers\/odr\/<\/a>.<br \/>\nUnsere E-Mail-Adresse finden Sie oben im Impressum.<\/p>\n<h2>Verbraucher\u00adstreit\u00adbeilegung\/Universal\u00adschlichtungs\u00adstelle<\/h2>\n<p>Wir sind nicht bereit oder verpflichtet, an Streitbeilegungsverfahren vor einer Verbraucherschlichtungsstelle teilzunehmen.<\/p>\n<p>Quelle: <a href=\"https:\/\/www.e-recht24.de\">eRecht24<\/a><\/p>\n<\/div>\n<\/div>\n<\/div>\n<\/div>\n<\/div>\n<\/div>\n<\/section>\n<\/section>\n<\/div>\n<\/div>\n<\/div>\n<\/div>\n<\/section>\n","protected":false},"excerpt":{"rendered":"<p>Impressum Angaben gem\u00e4\u00df \u00a7 5 TMG Internationale Bestattungen Yavuz GmbH Tonhallenstra\u00dfe 12 47051 Duisburg Steuer-Nr.: 109\/5887\/3001 Handelsregister: HRB 10429 Amtsgericht Duisburg Vertreten durch: Adem Yavuz Kontakt Telefon: 0203 \u2013 61077&hellip;<\/p>\n","protected":false},"author":1,"featured_media":0,"parent":0,"menu_order":0,"comment_status":"closed","ping_status":"closed","template":"","meta":{"footnotes":""},"class_list":["post-19374","page","type-page","status-publish","hentry"],"yoast_head":"<!-- This site is optimized with the Yoast SEO plugin v25.6 - https:\/\/yoast.com\/wordpress\/plugins\/seo\/ -->\n<title>Impressum - YAVUZ GMBH - ALMANYA AVRUPA CENAZE \u0130\u015eLEMLER\u0130<\/title>\n<meta name=\"robots\" content=\"index, follow, max-snippet:-1, max-image-preview:large, max-video-preview:-1\" \/>\n<link rel=\"canonical\" href=\"https:\/\/www.yavuzgmbh.de\/de\/impressum\/\" \/>\n<meta property=\"og:locale\" content=\"de_DE\" \/>\n<meta property=\"og:type\" content=\"article\" \/>\n<meta property=\"og:title\" content=\"Impressum - YAVUZ GMBH - ALMANYA AVRUPA CENAZE \u0130\u015eLEMLER\u0130\" \/>\n<meta property=\"og:description\" content=\"Impressum Angaben gem\u00e4\u00df \u00a7 5 TMG Internationale Bestattungen Yavuz GmbH Tonhallenstra\u00dfe 12 47051 Duisburg Steuer-Nr.: 109\/5887\/3001 Handelsregister: HRB 10429 Amtsgericht Duisburg Vertreten durch: Adem Yavuz Kontakt Telefon: 0203 \u2013 61077&hellip;\" \/>\n<meta property=\"og:url\" content=\"https:\/\/www.yavuzgmbh.de\/de\/impressum\/\" \/>\n<meta property=\"og:site_name\" content=\"YAVUZ GMBH - ALMANYA AVRUPA CENAZE \u0130\u015eLEMLER\u0130\" \/>\n<meta property=\"article:modified_time\" content=\"2023-12-11T15:56:09+00:00\" \/>\n<meta name=\"twitter:card\" content=\"summary_large_image\" \/>\n<script type=\"application\/ld+json\" class=\"yoast-schema-graph\">{\"@context\":\"https:\/\/schema.org\",\"@graph\":[{\"@type\":\"WebPage\",\"@id\":\"https:\/\/www.yavuzgmbh.de\/de\/impressum\/\",\"url\":\"https:\/\/www.yavuzgmbh.de\/de\/impressum\/\",\"name\":\"Impressum - YAVUZ GMBH - ALMANYA AVRUPA CENAZE \u0130\u015eLEMLER\u0130\",\"isPartOf\":{\"@id\":\"https:\/\/www.yavuzgmbh.de\/de\/#website\"},\"datePublished\":\"2023-07-04T08:25:02+00:00\",\"dateModified\":\"2023-12-11T15:56:09+00:00\",\"breadcrumb\":{\"@id\":\"https:\/\/www.yavuzgmbh.de\/de\/impressum\/#breadcrumb\"},\"inLanguage\":\"de\",\"potentialAction\":[{\"@type\":\"ReadAction\",\"target\":[\"https:\/\/www.yavuzgmbh.de\/de\/impressum\/\"]}]},{\"@type\":\"BreadcrumbList\",\"@id\":\"https:\/\/www.yavuzgmbh.de\/de\/impressum\/#breadcrumb\",\"itemListElement\":[{\"@type\":\"ListItem\",\"position\":1,\"name\":\"Anasayfa\",\"item\":\"https:\/\/www.yavuzgmbh.de\/de\/\"},{\"@type\":\"ListItem\",\"position\":2,\"name\":\"Impressum\"}]},{\"@type\":\"WebSite\",\"@id\":\"https:\/\/www.yavuzgmbh.de\/de\/#website\",\"url\":\"https:\/\/www.yavuzgmbh.de\/de\/\",\"name\":\"YAVUZ GMBH CENAZE H\u0130ZMETLER\u0130\",\"description\":\"BESTATTUNGSINSTITUT ISLAMISCHEN GLAUBENS\",\"publisher\":{\"@id\":\"https:\/\/www.yavuzgmbh.de\/de\/#organization\"},\"potentialAction\":[{\"@type\":\"SearchAction\",\"target\":{\"@type\":\"EntryPoint\",\"urlTemplate\":\"https:\/\/www.yavuzgmbh.de\/de\/?s={search_term_string}\"},\"query-input\":{\"@type\":\"PropertyValueSpecification\",\"valueRequired\":true,\"valueName\":\"search_term_string\"}}],\"inLanguage\":\"de\"},{\"@type\":\"Organization\",\"@id\":\"https:\/\/www.yavuzgmbh.de\/de\/#organization\",\"name\":\"YAVUZ GMBH\",\"url\":\"https:\/\/www.yavuzgmbh.de\/de\/\",\"logo\":{\"@type\":\"ImageObject\",\"inLanguage\":\"de\",\"@id\":\"https:\/\/www.yavuzgmbh.de\/de\/#\/schema\/logo\/image\/\",\"url\":\"https:\/\/www.yavuzgmbh.de\/wp-content\/uploads\/2021\/09\/logo_w.png\",\"contentUrl\":\"https:\/\/www.yavuzgmbh.de\/wp-content\/uploads\/2021\/09\/logo_w.png\",\"width\":311,\"height\":155,\"caption\":\"YAVUZ GMBH\"},\"image\":{\"@id\":\"https:\/\/www.yavuzgmbh.de\/de\/#\/schema\/logo\/image\/\"},\"sameAs\":[\"https:\/\/www.instagram.com\/yavuzgmbh\/\"]}]}<\/script>\n<!-- \/ Yoast SEO plugin. -->","yoast_head_json":{"title":"Impressum - YAVUZ GMBH - ALMANYA AVRUPA CENAZE \u0130\u015eLEMLER\u0130","robots":{"index":"index","follow":"follow","max-snippet":"max-snippet:-1","max-image-preview":"max-image-preview:large","max-video-preview":"max-video-preview:-1"},"canonical":"https:\/\/www.yavuzgmbh.de\/de\/impressum\/","og_locale":"de_DE","og_type":"article","og_title":"Impressum - YAVUZ GMBH - ALMANYA AVRUPA CENAZE \u0130\u015eLEMLER\u0130","og_description":"Impressum Angaben gem\u00e4\u00df \u00a7 5 TMG Internationale Bestattungen Yavuz GmbH Tonhallenstra\u00dfe 12 47051 Duisburg Steuer-Nr.: 109\/5887\/3001 Handelsregister: HRB 10429 Amtsgericht Duisburg Vertreten durch: Adem Yavuz Kontakt Telefon: 0203 \u2013 61077&hellip;","og_url":"https:\/\/www.yavuzgmbh.de\/de\/impressum\/","og_site_name":"YAVUZ GMBH - ALMANYA AVRUPA CENAZE \u0130\u015eLEMLER\u0130","article_modified_time":"2023-12-11T15:56:09+00:00","twitter_card":"summary_large_image","schema":{"@context":"https:\/\/schema.org","@graph":[{"@type":"WebPage","@id":"https:\/\/www.yavuzgmbh.de\/de\/impressum\/","url":"https:\/\/www.yavuzgmbh.de\/de\/impressum\/","name":"Impressum - YAVUZ GMBH - ALMANYA AVRUPA CENAZE \u0130\u015eLEMLER\u0130","isPartOf":{"@id":"https:\/\/www.yavuzgmbh.de\/de\/#website"},"datePublished":"2023-07-04T08:25:02+00:00","dateModified":"2023-12-11T15:56:09+00:00","breadcrumb":{"@id":"https:\/\/www.yavuzgmbh.de\/de\/impressum\/#breadcrumb"},"inLanguage":"de","potentialAction":[{"@type":"ReadAction","target":["https:\/\/www.yavuzgmbh.de\/de\/impressum\/"]}]},{"@type":"BreadcrumbList","@id":"https:\/\/www.yavuzgmbh.de\/de\/impressum\/#breadcrumb","itemListElement":[{"@type":"ListItem","position":1,"name":"Anasayfa","item":"https:\/\/www.yavuzgmbh.de\/de\/"},{"@type":"ListItem","position":2,"name":"Impressum"}]},{"@type":"WebSite","@id":"https:\/\/www.yavuzgmbh.de\/de\/#website","url":"https:\/\/www.yavuzgmbh.de\/de\/","name":"YAVUZ GMBH CENAZE H\u0130ZMETLER\u0130","description":"BESTATTUNGSINSTITUT ISLAMISCHEN GLAUBENS","publisher":{"@id":"https:\/\/www.yavuzgmbh.de\/de\/#organization"},"potentialAction":[{"@type":"SearchAction","target":{"@type":"EntryPoint","urlTemplate":"https:\/\/www.yavuzgmbh.de\/de\/?s={search_term_string}"},"query-input":{"@type":"PropertyValueSpecification","valueRequired":true,"valueName":"search_term_string"}}],"inLanguage":"de"},{"@type":"Organization","@id":"https:\/\/www.yavuzgmbh.de\/de\/#organization","name":"YAVUZ GMBH","url":"https:\/\/www.yavuzgmbh.de\/de\/","logo":{"@type":"ImageObject","inLanguage":"de","@id":"https:\/\/www.yavuzgmbh.de\/de\/#\/schema\/logo\/image\/","url":"https:\/\/www.yavuzgmbh.de\/wp-content\/uploads\/2021\/09\/logo_w.png","contentUrl":"https:\/\/www.yavuzgmbh.de\/wp-content\/uploads\/2021\/09\/logo_w.png","width":311,"height":155,"caption":"YAVUZ GMBH"},"image":{"@id":"https:\/\/www.yavuzgmbh.de\/de\/#\/schema\/logo\/image\/"},"sameAs":["https:\/\/www.instagram.com\/yavuzgmbh\/"]}]}},"_links":{"self":[{"href":"https:\/\/www.yavuzgmbh.de\/de\/wp-json\/wp\/v2\/pages\/19374","targetHints":{"allow":["GET"]}}],"collection":[{"href":"https:\/\/www.yavuzgmbh.de\/de\/wp-json\/wp\/v2\/pages"}],"about":[{"href":"https:\/\/www.yavuzgmbh.de\/de\/wp-json\/wp\/v2\/types\/page"}],"author":[{"embeddable":true,"href":"https:\/\/www.yavuzgmbh.de\/de\/wp-json\/wp\/v2\/users\/1"}],"replies":[{"embeddable":true,"href":"https:\/\/www.yavuzgmbh.de\/de\/wp-json\/wp\/v2\/comments?post=19374"}],"version-history":[{"count":3,"href":"https:\/\/www.yavuzgmbh.de\/de\/wp-json\/wp\/v2\/pages\/19374\/revisions"}],"predecessor-version":[{"id":19491,"href":"https:\/\/www.yavuzgmbh.de\/de\/wp-json\/wp\/v2\/pages\/19374\/revisions\/19491"}],"wp:attachment":[{"href":"https:\/\/www.yavuzgmbh.de\/de\/wp-json\/wp\/v2\/media?parent=19374"}],"curies":[{"name":"wp","href":"https:\/\/api.w.org\/{rel}","templated":true}]}}